{"id":823,"date":"2019-01-10T12:46:55","date_gmt":"2019-01-10T12:46:55","guid":{"rendered":"http:\/\/www.future-balloons.eu\/pt\/?page_id=823"},"modified":"2019-01-10T14:52:41","modified_gmt":"2019-01-10T14:52:41","slug":"claudia-leal","status":"publish","type":"page","link":"https:\/\/www.future-balloons.eu\/pt\/claudia-leal\/","title":{"rendered":"Cl\u00e1udia Leal"},"content":{"rendered":"<div id=\"pl-823\"  class=\"panel-layout\" ><div id=\"pg-823-0\"  class=\"panel-grid panel-no-style\" ><div id=\"pgc-823-0-0\"  class=\"panel-grid-cell\" ><div id=\"panel-823-0-0-0\" class=\"so-panel widget widget_sow-editor panel-first-child\" data-index=\"0\" ><div\n\t\t\t\n\t\t\tclass=\"so-widget-sow-editor so-widget-sow-editor-base\"\n\t\t\t\n\t\t>\n<div class=\"siteorigin-widget-tinymce textwidget\">\n\t<p><img loading=\"lazy\" decoding=\"async\" class=\"size-medium wp-image-824 alignleft\" src=\"http:\/\/www.future-balloons.eu\/pt\/wp-content\/uploads\/sites\/4\/2019\/01\/Cl\u00e1udia-252x300.jpg\" alt=\"Cl\u00e1udia\" width=\"252\" height=\"300\" srcset=\"https:\/\/www.future-balloons.eu\/pt\/wp-content\/uploads\/sites\/4\/2019\/01\/Cl\u00e1udia-252x300.jpg 252w, https:\/\/www.future-balloons.eu\/pt\/wp-content\/uploads\/sites\/4\/2019\/01\/Cl\u00e1udia-600x714.jpg 600w, https:\/\/www.future-balloons.eu\/pt\/wp-content\/uploads\/sites\/4\/2019\/01\/Cl\u00e1udia-210x250.jpg 210w, https:\/\/www.future-balloons.eu\/pt\/wp-content\/uploads\/sites\/4\/2019\/01\/Cl\u00e1udia-420x500.jpg 420w, https:\/\/www.future-balloons.eu\/pt\/wp-content\/uploads\/sites\/4\/2019\/01\/Cl\u00e1udia-168x200.jpg 168w, https:\/\/www.future-balloons.eu\/pt\/wp-content\/uploads\/sites\/4\/2019\/01\/Cl\u00e1udia.jpg 692w\" sizes=\"auto, (max-width: 252px) 100vw, 252px\" \/><\/p>\n<p style=\"text-align: justify\">Licenciada em Comunica\u00e7\u00e3o Organizacional pela Escola Superior de Educa\u00e7\u00e3o de Coimbra, possui aptid\u00f5es profissionais nas \u00e1reas de jornalismo, rela\u00e7\u00f5es p\u00fablicas e organiza\u00e7\u00e3o de eventos.<\/p>\n<p style=\"text-align: justify\">Trabalhou v\u00e1rios anos no com\u00e9rcio onde desenvolveu conhecimentos de gest\u00e3o de vendas e clientes, em diversas \u00e1reas do atendimento ao p\u00fablico. Atualmente realiza est\u00e1gio profissional na Future Balloons, desempenhando fun\u00e7\u00f5es no campo da comunica\u00e7\u00e3o e assessoria de imprensa.<\/p>\n<p style=\"text-align: justify\">Adora visitar monumentos hist\u00f3ricos, boa comida e moda, por isso n\u00e3o dispensa uma boa sess\u00e3o de shopping.<\/p>\n<\/div>\n<\/div><\/div><div id=\"panel-823-0-0-1\" class=\"so-panel widget widget_sow-button panel-last-child\" data-index=\"1\" ><div\n\t\t\t\n\t\t\tclass=\"so-widget-sow-button so-widget-sow-button-wire-af1f560b1cbc-823\"\n\t\t\t\n\t\t><div class=\"ow-button-base ow-button-align-right\">\n\t\t\t<a\n\t\t\t\t\thref=\"https:\/\/www.future-balloons.eu\/pt\/equipa\/\"\n\t\t\t\t\tclass=\"sowb-button ow-icon-placement-left ow-button-hover\" \t>\n\t\t<span>\n\t\t\t<span class=\"sow-icon-fontawesome sow-fas\" data-sow-icon=\"&#xf060;\"\n\t\tstyle=\"color: #1e73be\" \n\t\taria-hidden=\"true\"><\/span>\n\t\t\tVoltar\t\t<\/span>\n\t\t\t<\/a>\n\t<\/div>\n<\/div><\/div><\/div><\/div><\/div>","protected":false},"excerpt":{"rendered":"<p>Licenciada em Comunica\u00e7\u00e3o Organizacional pela Escola Superior de Educa\u00e7\u00e3o de Coimbra, possui aptid\u00f5es profissionais nas \u00e1reas de jornalismo, rela\u00e7\u00f5es p\u00fablicas e organiza\u00e7\u00e3o de eventos.Trabalhou v\u00e1rios anos no com\u00e9rcio onde desenvolveu conhecimentos de gest\u00e3o de vendas e clientes, em diversas \u00e1reas do atendimento ao p\u00fablico. Atualmente realiza est\u00e1gio profissional na Future Balloons, desempenhando fun\u00e7\u00f5es no campo<a href=\"https:\/\/www.future-balloons.eu\/pt\/claudia-leal\/\">[&#8230;]<\/a><\/p>\n","protected":false},"author":4,"featured_media":0,"parent":0,"menu_order":0,"comment_status":"closed","ping_status":"closed","template":"","meta":{"inline_featured_image":false,"_monsterinsights_skip_tracking":false,"_monsterinsights_sitenote_active":false,"_monsterinsights_sitenote_note":"","_monsterinsights_sitenote_category":0,"footnotes":""},"class_list":["post-823","page","type-page","status-publish","hentry"],"_links":{"self":[{"href":"https:\/\/www.future-balloons.eu\/pt\/wp-json\/wp\/v2\/pages\/823","targetHints":{"allow":["GET"]}}],"collection":[{"href":"https:\/\/www.future-balloons.eu\/pt\/wp-json\/wp\/v2\/pages"}],"about":[{"href":"https:\/\/www.future-balloons.eu\/pt\/wp-json\/wp\/v2\/types\/page"}],"author":[{"embeddable":true,"href":"https:\/\/www.future-balloons.eu\/pt\/wp-json\/wp\/v2\/users\/4"}],"replies":[{"embeddable":true,"href":"https:\/\/www.future-balloons.eu\/pt\/wp-json\/wp\/v2\/comments?post=823"}],"version-history":[{"count":3,"href":"https:\/\/www.future-balloons.eu\/pt\/wp-json\/wp\/v2\/pages\/823\/revisions"}],"predecessor-version":[{"id":829,"href":"https:\/\/www.future-balloons.eu\/pt\/wp-json\/wp\/v2\/pages\/823\/revisions\/829"}],"wp:attachment":[{"href":"https:\/\/www.future-balloons.eu\/pt\/wp-json\/wp\/v2\/media?parent=823"}],"curies":[{"name":"wp","href":"https:\/\/api.w.org\/{rel}","templated":true}]}}