{"id":488,"date":"2016-06-22T15:19:52","date_gmt":"2016-06-22T15:19:52","guid":{"rendered":"http:\/\/localserver\/pt\/?page_id=488"},"modified":"2022-04-21T09:01:34","modified_gmt":"2022-04-21T09:01:34","slug":"contacto","status":"publish","type":"page","link":"https:\/\/www.future-balloons.eu\/pt\/contacto\/","title":{"rendered":"Contacto"},"content":{"rendered":"<div id=\"pl-488\"  class=\"panel-layout\" ><div id=\"pg-488-0\"  class=\"panel-grid panel-no-style\" ><div id=\"pgc-488-0-0\"  class=\"panel-grid-cell\" ><div id=\"panel-488-0-0-0\" class=\"so-panel widget widget_sow-contact-form panel-first-child panel-last-child\" data-index=\"0\" ><div\n\t\t\t\n\t\t\tclass=\"so-widget-sow-contact-form so-widget-sow-contact-form-default-f8ec2381312e-488\"\n\t\t\t\n\t\t>\t<form\n\t\taction=\"\/pt\/wp-json\/wp\/v2\/pages\/488\"\n\t\tmethod=\"POST\"\n\t\tclass=\"sow-contact-form\"\n\t\tid=\"contact-form-e002\"\n\t>\n\n\t\t\n\t\t\t\t\t<div class=\"sow-form-field sow-form-field-name\">\n\t\t\t\t<label class=\"sow-form-field-label-above\" for=\"sow-contact-form-field-nome-1\">\n\t\t\t\t<strong>\n\t\t\t\t\tNome\t\t\t\t\t\t\t\t\t<\/strong>\n\t\t\t<\/label>\n\t\t\t\t\t\t\t<div class=\"sow-field-container\">\n\t\t\t\t\t\t\t<input\n\t\t\ttype=\"text\"\n\t\t\tname=\"nome-1\"\n\t\t\tid=\"sow-contact-form-field-nome-1\"\n\t\t\tvalue=\"\"\n\t\t\tclass=\"sow-text-field\"\n\t\t\t\t\t\t\t\t\/>\n\t\t\t\t\t\t<\/div>\n\t\t\t\t\t\t\t<\/div>\n\t\t\t\t\t\t<div class=\"sow-form-field sow-form-field-email\">\n\t\t\t\t<label class=\"sow-form-field-label-above\" for=\"sow-contact-form-field-email-1\">\n\t\t\t\t<strong>\n\t\t\t\t\tEmail\t\t\t\t\t\t\t\t\t<\/strong>\n\t\t\t<\/label>\n\t\t\t\t\t\t\t<div class=\"sow-field-container\">\n\t\t\t\t\t\t\t<input\n\t\t\ttype=\"email\"\n\t\t\tname=\"email-1\"\n\t\t\tid=\"sow-contact-form-field-email-1\"\n\t\t\tvalue=\"\"\n\t\t\tclass=\"sow-text-field\"\t\t\t\t\t\t\t\t\/>\n\t\t\t\t\t\t<\/div>\n\t\t\t\t\t\t\t<\/div>\n\t\t\t\t\t\t<div class=\"sow-form-field sow-form-field-subject\">\n\t\t\t\t<label class=\"sow-form-field-label-above\" for=\"sow-contact-form-field-assunto-1\">\n\t\t\t\t<strong>\n\t\t\t\t\tAssunto\t\t\t\t\t\t\t\t\t<\/strong>\n\t\t\t<\/label>\n\t\t\t\t\t\t\t<div class=\"sow-field-container\">\n\t\t\t\t\t\t\t<input\n\t\t\ttype=\"text\"\n\t\t\tname=\"assunto-1\"\n\t\t\tid=\"sow-contact-form-field-assunto-1\"\n\t\t\tvalue=\"\"\n\t\t\tclass=\"sow-text-field\"\n\t\t\t\t\t\t\t\t\/>\n\t\t\t\t\t\t<\/div>\n\t\t\t\t\t\t\t<\/div>\n\t\t\t\t\t\t<div class=\"sow-form-field sow-form-field-textarea\">\n\t\t\t\t<label class=\"sow-form-field-label-above\" for=\"sow-contact-form-field-mensagem-1\">\n\t\t\t\t<strong>\n\t\t\t\t\tMensagem\t\t\t\t\t\t\t\t\t<\/strong>\n\t\t\t<\/label>\n\t\t\t\t\t\t\t<div class=\"sow-field-container\">\n\t\t\t\t\t\t\t<textarea\n\t\t\tname=\"mensagem-1\"\n\t\t\tid=\"sow-contact-form-field-mensagem-1\"\n\t\t\trows=\"10\"\n\t\t\t\t\t\t\t\t><\/textarea>\n\t\t\t\t\t\t<\/div>\n\t\t\t\t\t\t\t<\/div>\n\t\t\t\n\t\t\n\t\t<div class=\"sow-submit-wrapper sow-submit-styled\">\n\n\t\t\t<button\n\t\t\t\ttype=\"submit\"\n\t\t\t\tclass=\"sow-submit\"\n\t\t\t\t\t\t\t>\n\t\t\t\tEnviar\t\t\t<\/button>\n\t\t<\/div>\n\t\t\t\t<input\n\t\t\ttype=\"hidden\"\n\t\t\tname=\"instance_hash-1\"\n\t\t\tvalue=\"e002ef94\"\n\t\t\/>\n\n\t\t<input type=\"hidden\" id=\"_wpnonce\" name=\"_wpnonce\" value=\"5d137dd4ef\" \/><input type=\"hidden\" name=\"_wp_http_referer\" value=\"\/pt\/wp-json\/wp\/v2\/pages\/488\" \/>\t<\/form>\n\t<\/div><\/div><\/div><\/div><div id=\"pg-488-1\"  class=\"panel-grid panel-no-style\" ><div id=\"pgc-488-1-0\"  class=\"panel-grid-cell\" ><div id=\"panel-488-1-0-0\" class=\"so-panel widget widget_sow-editor panel-first-child\" data-index=\"1\" ><div\n\t\t\t\n\t\t\tclass=\"so-widget-sow-editor so-widget-sow-editor-base\"\n\t\t\t\n\t\t>\n<div class=\"siteorigin-widget-tinymce textwidget\">\n\t<h1 id=\"location\" class=\"entry-title\">Pol\u00edtica de privacidade e prote\u00e7\u00e3o de dados<\/h1>\n<p>&nbsp;<\/p>\n<p><a href=\"http:\/\/www.future-balloons.eu\/pt\/wp-content\/uploads\/sites\/4\/2019\/09\/Pol\u00edtica-de-privacidade-e-prote\u00e7\u00e3o-de-dados.pdf\">Pol\u00edtica de privacidade e prote\u00e7\u00e3o de dados<\/a><\/p>\n<p>&nbsp;<\/p>\n<p>&nbsp;<\/p>\n<p>&nbsp;<\/p>\n<\/div>\n<\/div><\/div><div id=\"panel-488-1-0-1\" class=\"so-panel widget widget_sow-editor\" data-index=\"2\" ><div\n\t\t\t\n\t\t\tclass=\"so-widget-sow-editor so-widget-sow-editor-base\"\n\t\t\t\n\t\t>\n<div class=\"siteorigin-widget-tinymce textwidget\">\n\t<h1 id=\"location\" class=\"entry-title\">Localiza\u00e7\u00e3o<\/h1>\n<\/div>\n<\/div><\/div><div id=\"panel-488-1-0-2\" class=\"so-panel widget widget_sow-google-map panel-last-child\" data-index=\"3\" ><div\n\t\t\t\n\t\t\tclass=\"so-widget-sow-google-map so-widget-sow-google-map-default-6b23895f316e-488\"\n\t\t\t\n\t\t>\n<div class=\"sow-google-map-canvas\"\n\tstyle=\"\"\n\tid=\"map-canvas-e1cb8ba1a72fda98ef6b7e1ce17bcddc\"\n\tdata-options=\"{&quot;address&quot;:&quot;Praceta Dr. Ant\\u00f3nio Sotero 16, 3080-204 Figueira da Foz&quot;,&quot;zoom&quot;:18,&quot;mobileZoom&quot;:18,&quot;gestureHandling&quot;:&quot;none&quot;,&quot;disableUi&quot;:false,&quot;markerIcon&quot;:false,&quot;markersDraggable&quot;:false,&quot;markerAtCenter&quot;:true,&quot;markerInfoDisplay&quot;:&quot;click&quot;,&quot;markerInfoMultiple&quot;:true,&quot;markerPositions&quot;:false,&quot;mapName&quot;:false,&quot;mapStyles&quot;:false,&quot;directions&quot;:&quot;&quot;,&quot;apiKey&quot;:&quot;AIzaSyAKAPk6UaxGLO5vsYhC_BE80unw8q4rNYI&quot;,&quot;breakpoint&quot;:780,&quot;id&quot;:&quot;69e4da&quot;}\"\n\tdata-fallback-image=\"{&quot;img&quot;:&quot;&quot;}\"><\/div>\n<\/div><\/div><\/div><\/div><\/div>","protected":false},"excerpt":{"rendered":"<p>Pol\u00edtica de privacidade e prote\u00e7\u00e3o de dados &nbsp; Pol\u00edtica de privacidade e prote\u00e7\u00e3o de dados &nbsp; &nbsp; &nbsp; Localiza\u00e7\u00e3o<\/p>\n","protected":false},"author":1,"featured_media":0,"parent":0,"menu_order":0,"comment_status":"closed","ping_status":"closed","template":"template-fullwidth.php","meta":{"inline_featured_image":false,"_monsterinsights_skip_tracking":false,"_monsterinsights_sitenote_active":false,"_monsterinsights_sitenote_note":"","_monsterinsights_sitenote_category":0,"footnotes":""},"class_list":["post-488","page","type-page","status-publish","hentry"],"_links":{"self":[{"href":"https:\/\/www.future-balloons.eu\/pt\/wp-json\/wp\/v2\/pages\/488","targetHints":{"allow":["GET"]}}],"collection":[{"href":"https:\/\/www.future-balloons.eu\/pt\/wp-json\/wp\/v2\/pages"}],"about":[{"href":"https:\/\/www.future-balloons.eu\/pt\/wp-json\/wp\/v2\/types\/page"}],"author":[{"embeddable":true,"href":"https:\/\/www.future-balloons.eu\/pt\/wp-json\/wp\/v2\/users\/1"}],"replies":[{"embeddable":true,"href":"https:\/\/www.future-balloons.eu\/pt\/wp-json\/wp\/v2\/comments?post=488"}],"version-history":[{"count":21,"href":"https:\/\/www.future-balloons.eu\/pt\/wp-json\/wp\/v2\/pages\/488\/revisions"}],"predecessor-version":[{"id":1133,"href":"https:\/\/www.future-balloons.eu\/pt\/wp-json\/wp\/v2\/pages\/488\/revisions\/1133"}],"wp:attachment":[{"href":"https:\/\/www.future-balloons.eu\/pt\/wp-json\/wp\/v2\/media?parent=488"}],"curies":[{"name":"wp","href":"https:\/\/api.w.org\/{rel}","templated":true}]}}