{"id":47,"date":"2016-05-30T08:24:41","date_gmt":"2016-05-30T08:24:41","guid":{"rendered":"http:\/\/localserver\/pt\/?page_id=47"},"modified":"2016-09-12T08:32:34","modified_gmt":"2016-09-12T08:32:34","slug":"design-para-a-educacao-e-inovacao-social","status":"publish","type":"page","link":"https:\/\/www.future-balloons.eu\/pt\/servicos\/design-para-a-educacao-e-inovacao-social\/","title":{"rendered":"Design para a Educa\u00e7\u00e3o e Inova\u00e7\u00e3o Social"},"content":{"rendered":"<div id=\"pl-47\"  class=\"panel-layout\" ><div id=\"pg-47-0\"  class=\"panel-grid panel-no-style\" ><div id=\"pgc-47-0-0\"  class=\"panel-grid-cell\" ><div id=\"panel-47-0-0-0\" class=\"so-panel widget widget_sow-editor panel-first-child\" data-index=\"0\" ><div\n\t\t\t\n\t\t\tclass=\"so-widget-sow-editor so-widget-sow-editor-base\"\n\t\t\t\n\t\t>\n<div class=\"siteorigin-widget-tinymce textwidget\">\n\t<p style=\"text-align: justify\">A Future Balloons colabora com empresas e associa\u00e7\u00f5es para encontrar as melhores op\u00e7\u00f5es para os seus clientes, utentes ou utilizadores. Respondemos \u00e0s quest\u00f5es mais complicadas da sua organiza\u00e7\u00e3o.<\/p>\n<p style=\"text-align: justify\"><em>Design<\/em> Social \u00e9 um m\u00e9todo criativo aplicado \u00e0 resolu\u00e7\u00e3o de problemas sociais, baseado nas t\u00e9cnicas do <em>Design Thinking<\/em>. Envolve o treino de empatia, uma abordagem centrada na pessoa\/utilizador e na s\u00edntese colaborativa de ideias. Algumas das t\u00e9cnicas utilizadas em <em>Design<\/em> Social s\u00e3o a visualiza\u00e7\u00e3o, o <em>brainstorming<\/em> e a prototipagem de ideias e conceitos.<\/p>\n<p style=\"text-align: justify\">Estas parcerias promovem a mudan\u00e7a social de tr\u00eas formas:<\/p>\n<ul>\n<li style=\"text-align: justify\">D\u00e3o visibilidade \u00e0s causas e consequ\u00eancias dos fen\u00f3menos;<\/li>\n<li style=\"text-align: justify\">Reavaliam os processos comuns de solucionar;<\/li>\n<li style=\"text-align: justify\">Descobrem modos de motivar e transformar o comportamento humano.<\/li>\n<\/ul>\n<p><a href=\"http:\/\/www.future-balloons.eu\/pt\/design-social-crash-course\/\">Design Social Crash Course<\/a><\/p>\n<p>De modo a facilitar a prototipagem em Ci\u00eancias Sociais, introduzimos t\u00e9cnicas de Lego Serious Play. O artigo seguinte explica como fazemos isso:<\/p>\n<p><a href=\"http:\/\/seriousplaypro.com\/2014\/10\/30\/lego-bricks-and-design-thinking\/\">Lego bricks and Design Thinking<\/a><\/p>\n<p>Pergunte-nos como \u00e9 que o Design Social pode ser aplicado na sua organiza\u00e7\u00e3o.<\/p>\n<\/div>\n<\/div><\/div><div id=\"panel-47-0-0-1\" class=\"so-panel widget widget_sow-button panel-last-child\" data-index=\"1\" ><div\n\t\t\t\n\t\t\tclass=\"so-widget-sow-button so-widget-sow-button-wire-2137b798425e-47\"\n\t\t\t\n\t\t><div class=\"ow-button-base ow-button-align-right\">\n\t\t\t<a\n\t\t\t\t\thref=\"https:\/\/www.future-balloons.eu\/pt\/servicos\/\"\n\t\t\t\t\tclass=\"sowb-button ow-icon-placement-left ow-button-hover\" \t>\n\t\t<span>\n\t\t\t<span class=\"sow-icon-fontawesome sow-fas\" data-sow-icon=\"&#xf060;\"\n\t\tstyle=\"color: #1e73be\" \n\t\taria-hidden=\"true\"><\/span>\n\t\t\tVoltar\t\t<\/span>\n\t\t\t<\/a>\n\t<\/div>\n<\/div><\/div><\/div><\/div><\/div>","protected":false},"excerpt":{"rendered":"<p>A Future Balloons colabora com empresas e associa\u00e7\u00f5es para encontrar as melhores op\u00e7\u00f5es para os seus clientes, utentes ou utilizadores. Respondemos \u00e0s quest\u00f5es mais complicadas da sua organiza\u00e7\u00e3o.Design Social \u00e9 um m\u00e9todo criativo aplicado \u00e0 resolu\u00e7\u00e3o de problemas sociais, baseado nas t\u00e9cnicas do Design Thinking. Envolve o treino de empatia, uma abordagem centrada na pessoa\/utilizador<a href=\"https:\/\/www.future-balloons.eu\/pt\/servicos\/design-para-a-educacao-e-inovacao-social\/\">[&#8230;]<\/a><\/p>\n","protected":false},"author":1,"featured_media":0,"parent":31,"menu_order":0,"comment_status":"closed","ping_status":"closed","template":"template-fullwidth.php","meta":{"inline_featured_image":false,"_monsterinsights_skip_tracking":false,"_monsterinsights_sitenote_active":false,"_monsterinsights_sitenote_note":"","_monsterinsights_sitenote_category":0,"footnotes":""},"class_list":["post-47","page","type-page","status-publish","hentry"],"_links":{"self":[{"href":"https:\/\/www.future-balloons.eu\/pt\/wp-json\/wp\/v2\/pages\/47","targetHints":{"allow":["GET"]}}],"collection":[{"href":"https:\/\/www.future-balloons.eu\/pt\/wp-json\/wp\/v2\/pages"}],"about":[{"href":"https:\/\/www.future-balloons.eu\/pt\/wp-json\/wp\/v2\/types\/page"}],"author":[{"embeddable":true,"href":"https:\/\/www.future-balloons.eu\/pt\/wp-json\/wp\/v2\/users\/1"}],"replies":[{"embeddable":true,"href":"https:\/\/www.future-balloons.eu\/pt\/wp-json\/wp\/v2\/comments?post=47"}],"version-history":[{"count":11,"href":"https:\/\/www.future-balloons.eu\/pt\/wp-json\/wp\/v2\/pages\/47\/revisions"}],"predecessor-version":[{"id":683,"href":"https:\/\/www.future-balloons.eu\/pt\/wp-json\/wp\/v2\/pages\/47\/revisions\/683"}],"up":[{"embeddable":true,"href":"https:\/\/www.future-balloons.eu\/pt\/wp-json\/wp\/v2\/pages\/31"}],"wp:attachment":[{"href":"https:\/\/www.future-balloons.eu\/pt\/wp-json\/wp\/v2\/media?parent=47"}],"curies":[{"name":"wp","href":"https:\/\/api.w.org\/{rel}","templated":true}]}}