{"id":45,"date":"2016-05-30T08:22:16","date_gmt":"2016-05-30T08:22:16","guid":{"rendered":"http:\/\/localserver\/pt\/?page_id=45"},"modified":"2016-07-08T16:28:50","modified_gmt":"2016-07-08T16:28:50","slug":"desenvolvimento-de-software","status":"publish","type":"page","link":"https:\/\/www.future-balloons.eu\/pt\/servicos\/desenvolvimento-de-software\/","title":{"rendered":"Desenvolvimento de Software"},"content":{"rendered":"<div id=\"pl-45\"  class=\"panel-layout\" ><div id=\"pg-45-0\"  class=\"panel-grid panel-no-style\" ><div id=\"pgc-45-0-0\"  class=\"panel-grid-cell\" ><div id=\"panel-45-0-0-0\" class=\"so-panel widget widget_sow-editor panel-first-child\" data-index=\"0\" ><div\n\t\t\t\n\t\t\tclass=\"so-widget-sow-editor so-widget-sow-editor-base\"\n\t\t\t\n\t\t>\n<div class=\"siteorigin-widget-tinymce textwidget\">\n\t<p>Servi\u00e7os de desenvolvimento de programas em contexto w<em>eb<\/em> e <em>mobile<\/em>. Vasta experi\u00eancia em sistemas aplicados \u00e0 forma\u00e7\u00e3o, <em>e-Learning<\/em> e gest\u00e3o de conhecimento. No quotidiano utilizamos as seguintes linguagens:<\/p>\n<ul>\n<li>Programa\u00e7\u00e3o: C#, Java, PHP, Javascript<\/li>\n<li><em>Web development<\/em>: CSS, HTML<\/li>\n<li>Bases de dados: SQL, HQL<\/li>\n<\/ul>\n<\/div>\n<\/div><\/div><div id=\"panel-45-0-0-1\" class=\"so-panel widget widget_sow-button panel-last-child\" data-index=\"1\" ><div\n\t\t\t\n\t\t\tclass=\"so-widget-sow-button so-widget-sow-button-wire-2137b798425e-45\"\n\t\t\t\n\t\t><div class=\"ow-button-base ow-button-align-right\">\n\t\t\t<a\n\t\t\t\t\thref=\"https:\/\/www.future-balloons.eu\/pt\/servicos\/\"\n\t\t\t\t\tclass=\"sowb-button ow-icon-placement-left ow-button-hover\" \t>\n\t\t<span>\n\t\t\t<span class=\"sow-icon-fontawesome sow-fas\" data-sow-icon=\"&#xf060;\"\n\t\tstyle=\"color: #1e73be\" \n\t\taria-hidden=\"true\"><\/span>\n\t\t\tVoltar\t\t<\/span>\n\t\t\t<\/a>\n\t<\/div>\n<\/div><\/div><\/div><\/div><\/div>","protected":false},"excerpt":{"rendered":"<p>Servi\u00e7os de desenvolvimento de programas em contexto web e mobile. Vasta experi\u00eancia em sistemas aplicados \u00e0 forma\u00e7\u00e3o, e-Learning e gest\u00e3o de conhecimento. No quotidiano utilizamos as seguintes linguagens:Programa\u00e7\u00e3o: C#, Java, PHP, JavascriptWeb development: CSS, HTMLBases de dados: SQL, HQL<\/p>\n","protected":false},"author":1,"featured_media":0,"parent":31,"menu_order":0,"comment_status":"closed","ping_status":"closed","template":"template-fullwidth.php","meta":{"inline_featured_image":false,"_monsterinsights_skip_tracking":false,"_monsterinsights_sitenote_active":false,"_monsterinsights_sitenote_note":"","_monsterinsights_sitenote_category":0,"footnotes":""},"class_list":["post-45","page","type-page","status-publish","hentry"],"_links":{"self":[{"href":"https:\/\/www.future-balloons.eu\/pt\/wp-json\/wp\/v2\/pages\/45","targetHints":{"allow":["GET"]}}],"collection":[{"href":"https:\/\/www.future-balloons.eu\/pt\/wp-json\/wp\/v2\/pages"}],"about":[{"href":"https:\/\/www.future-balloons.eu\/pt\/wp-json\/wp\/v2\/types\/page"}],"author":[{"embeddable":true,"href":"https:\/\/www.future-balloons.eu\/pt\/wp-json\/wp\/v2\/users\/1"}],"replies":[{"embeddable":true,"href":"https:\/\/www.future-balloons.eu\/pt\/wp-json\/wp\/v2\/comments?post=45"}],"version-history":[{"count":11,"href":"https:\/\/www.future-balloons.eu\/pt\/wp-json\/wp\/v2\/pages\/45\/revisions"}],"predecessor-version":[{"id":538,"href":"https:\/\/www.future-balloons.eu\/pt\/wp-json\/wp\/v2\/pages\/45\/revisions\/538"}],"up":[{"embeddable":true,"href":"https:\/\/www.future-balloons.eu\/pt\/wp-json\/wp\/v2\/pages\/31"}],"wp:attachment":[{"href":"https:\/\/www.future-balloons.eu\/pt\/wp-json\/wp\/v2\/media?parent=45"}],"curies":[{"name":"wp","href":"https:\/\/api.w.org\/{rel}","templated":true}]}}