{"id":4,"date":"2016-05-25T14:32:07","date_gmt":"2016-05-25T14:32:07","guid":{"rendered":"http:\/\/localserver\/pt\/?page_id=4"},"modified":"2016-07-08T16:26:58","modified_gmt":"2016-07-08T16:26:58","slug":"missao","status":"publish","type":"page","link":"https:\/\/www.future-balloons.eu\/pt\/missao\/","title":{"rendered":"Miss\u00e3o"},"content":{"rendered":"<div id=\"pl-4\"  class=\"panel-layout\" ><div id=\"pg-4-0\"  class=\"panel-grid panel-no-style\" ><div id=\"pgc-4-0-0\"  class=\"panel-grid-cell\" ><div id=\"panel-4-0-0-0\" class=\"so-panel widget widget_sow-editor panel-first-child panel-last-child\" data-index=\"0\" ><div\n\t\t\t\n\t\t\tclass=\"so-widget-sow-editor so-widget-sow-editor-base\"\n\t\t\t\n\t\t>\n<div class=\"siteorigin-widget-tinymce textwidget\">\n\t<p style=\"text-align: justify\">A funda\u00e7\u00e3o da<strong>\u00a0<\/strong>Future Balloons tem por base o r\u00e1pido desenvolvimento das tecnologias da informa\u00e7\u00e3o e de todas as aplica\u00e7\u00f5es nesta \u00e1rea. A sociedade da informa\u00e7\u00e3o significou o acesso f\u00e1cil a grandes quantidades de informa\u00e7\u00e3o, mas sem significar uma verdadeira assimila\u00e7\u00e3o de conhecimento.<\/p>\n<p style=\"text-align: justify\">As pessoas e as organiza\u00e7\u00f5es s\u00e3o, neste momento, bastante competentes na pesquisa e no acesso ao conhecimento. A informa\u00e7\u00e3o est\u00e1 dispon\u00edvel em qualquer lugar, num espa\u00e7o temporal pr\u00f3ximo de zero. No entanto, a Future Balloons interpreta este cen\u00e1rio de forma alternativa.<\/p>\n<p style=\"text-align: justify\">A nossa vis\u00e3o \u00e9 que a quantidade de informa\u00e7\u00e3o armazenada e dispon\u00edvel (quer a n\u00edvel pessoal, quer organizacional) s\u00f3 \u00e9 necess\u00e1ria at\u00e9 um n\u00edvel cr\u00edtico. A partir da\u00ed, s\u00e3o necess\u00e1rias novas condi\u00e7\u00f5es para a evolu\u00e7\u00e3o: criatividade, criticismo, filtragem, estrat\u00e9gia e responsabilidade. Estas condi\u00e7\u00f5es podem ser refor\u00e7adas pela aplica\u00e7\u00e3o e multiplicadas pela educa\u00e7\u00e3o.<\/p>\n<p style=\"text-align: justify\">A <strong>Miss\u00e3o<\/strong> da empresa \u00e9 apoiar a transi\u00e7\u00e3o da sociedade baseada no conhecimento para uma sociedade baseada na compreens\u00e3o, baseada na criatividade, na inova\u00e7\u00e3o e na constru\u00e7\u00e3o social. A sociedade deve compreender os processos, intera\u00e7\u00f5es e conex\u00f5es entre objetos\/temas; compreender os contextos e as oportunidades, o impacto de decis\u00f5es, os eventos e as outras pessoas (empatia). Em colabora\u00e7\u00e3o com parceiros motivados e qualificados, a<strong>\u00a0<\/strong>Future Balloons apoia a transi\u00e7\u00e3o entre a sociedade da informa\u00e7\u00e3o e a sociedade da compreens\u00e3o.<\/p>\n<\/div>\n<\/div><\/div><\/div><\/div><\/div>","protected":false},"excerpt":{"rendered":"<p>A funda\u00e7\u00e3o da\u00a0Future Balloons tem por base o r\u00e1pido desenvolvimento das tecnologias da informa\u00e7\u00e3o e de todas as aplica\u00e7\u00f5es nesta \u00e1rea. A sociedade da informa\u00e7\u00e3o significou o acesso f\u00e1cil a grandes quantidades de informa\u00e7\u00e3o, mas sem significar uma verdadeira assimila\u00e7\u00e3o de conhecimento.As pessoas e as organiza\u00e7\u00f5es s\u00e3o, neste momento, bastante competentes na pesquisa e no<a href=\"https:\/\/www.future-balloons.eu\/pt\/missao\/\">[&#8230;]<\/a><\/p>\n","protected":false},"author":1,"featured_media":0,"parent":0,"menu_order":0,"comment_status":"closed","ping_status":"closed","template":"template-fullwidth.php","meta":{"inline_featured_image":false,"_monsterinsights_skip_tracking":false,"_monsterinsights_sitenote_active":false,"_monsterinsights_sitenote_note":"","_monsterinsights_sitenote_category":0,"footnotes":""},"class_list":["post-4","page","type-page","status-publish","hentry"],"_links":{"self":[{"href":"https:\/\/www.future-balloons.eu\/pt\/wp-json\/wp\/v2\/pages\/4","targetHints":{"allow":["GET"]}}],"collection":[{"href":"https:\/\/www.future-balloons.eu\/pt\/wp-json\/wp\/v2\/pages"}],"about":[{"href":"https:\/\/www.future-balloons.eu\/pt\/wp-json\/wp\/v2\/types\/page"}],"author":[{"embeddable":true,"href":"https:\/\/www.future-balloons.eu\/pt\/wp-json\/wp\/v2\/users\/1"}],"replies":[{"embeddable":true,"href":"https:\/\/www.future-balloons.eu\/pt\/wp-json\/wp\/v2\/comments?post=4"}],"version-history":[{"count":16,"href":"https:\/\/www.future-balloons.eu\/pt\/wp-json\/wp\/v2\/pages\/4\/revisions"}],"predecessor-version":[{"id":590,"href":"https:\/\/www.future-balloons.eu\/pt\/wp-json\/wp\/v2\/pages\/4\/revisions\/590"}],"wp:attachment":[{"href":"https:\/\/www.future-balloons.eu\/pt\/wp-json\/wp\/v2\/media?parent=4"}],"curies":[{"name":"wp","href":"https:\/\/api.w.org\/{rel}","templated":true}]}}