{"id":31,"date":"2016-05-27T13:37:18","date_gmt":"2016-05-27T13:37:18","guid":{"rendered":"http:\/\/localserver\/pt\/?page_id=31"},"modified":"2016-07-08T16:28:40","modified_gmt":"2016-07-08T16:28:40","slug":"servicos","status":"publish","type":"page","link":"https:\/\/www.future-balloons.eu\/pt\/servicos\/","title":{"rendered":"Servi\u00e7os"},"content":{"rendered":"<div id=\"pl-31\"  class=\"panel-layout\" ><div id=\"pg-31-0\"  class=\"panel-grid panel-no-style\" ><div id=\"pgc-31-0-0\"  class=\"panel-grid-cell\" ><div id=\"panel-31-0-0-0\" class=\"so-panel widget widget_sow-simple-masonry panel-first-child panel-last-child\" data-index=\"0\" ><div\n\t\t\t\n\t\t\tclass=\"so-widget-sow-simple-masonry so-widget-sow-simple-masonry-default-d75171398898-31\"\n\t\t\t\n\t\t>\n\n<div class=\"sow-masonry-grid\"\n\t data-layouts=\"{&quot;desktop&quot;:{&quot;numColumns&quot;:4,&quot;rowHeight&quot;:0,&quot;gutter&quot;:25},&quot;tablet&quot;:{&quot;breakPoint&quot;:768,&quot;numColumns&quot;:2,&quot;rowHeight&quot;:0,&quot;gutter&quot;:25},&quot;mobile&quot;:{&quot;breakPoint&quot;:480,&quot;numColumns&quot;:1,&quot;rowHeight&quot;:0,&quot;gutter&quot;:10}}\" data-layout-origin-left=\"true\" >\n\t\t\t\t<div class=\"sow-masonry-grid-item\" data-col-span=\"1\"\n\t\t\t     data-row-span=\"1\">\n\t\t\t\t\t\t\t\t\t<a href=\"https:\/\/www.future-balloons.eu\/pt\/servicos\/desenvolvimento-de-software\/\"\n\t\t\t\t\t>\n\t\t\t\t\n\t\t\t\t\n\t\t\t\t<img loading=\"lazy\" decoding=\"async\" width=\"275\" height=\"275\" src=\"https:\/\/www.future-balloons.eu\/pt\/wp-content\/uploads\/sites\/4\/2016\/05\/Block_SD_pt.png\" class=\"sow-masonry-grid-image\" alt=\"\" title=\"Desenvolvimento de Software\" srcset=\"https:\/\/www.future-balloons.eu\/pt\/wp-content\/uploads\/sites\/4\/2016\/05\/Block_SD_pt.png 275w, https:\/\/www.future-balloons.eu\/pt\/wp-content\/uploads\/sites\/4\/2016\/05\/Block_SD_pt-150x150.png 150w, https:\/\/www.future-balloons.eu\/pt\/wp-content\/uploads\/sites\/4\/2016\/05\/Block_SD_pt-250x250.png 250w, https:\/\/www.future-balloons.eu\/pt\/wp-content\/uploads\/sites\/4\/2016\/05\/Block_SD_pt-200x200.png 200w, https:\/\/www.future-balloons.eu\/pt\/wp-content\/uploads\/sites\/4\/2016\/05\/Block_SD_pt-174x174.png 174w\" sizes=\"auto, (max-width: 275px) 100vw, 275px\" \/>\n\t\t\t\t\n\t\t\t\t\t\t\t\t\t<\/a>\n\t\t\t\t\t\t\t<\/div>\n\t\t\t\t\t\t<div class=\"sow-masonry-grid-item\" data-col-span=\"1\"\n\t\t\t     data-row-span=\"1\">\n\t\t\t\t\t\t\t\t\t<a href=\"https:\/\/www.future-balloons.eu\/pt\/servicos\/design-para-a-educacao-e-inovacao-social\/\"\n\t\t\t\t\t>\n\t\t\t\t\n\t\t\t\t\n\t\t\t\t<img loading=\"lazy\" decoding=\"async\" width=\"275\" height=\"275\" src=\"https:\/\/www.future-balloons.eu\/pt\/wp-content\/uploads\/sites\/4\/2016\/05\/Block_DESI_pt.png\" class=\"sow-masonry-grid-image\" alt=\"\" title=\"Design para a Educa\u00e7\u00e3o e Inova\u00e7\u00e3o Social\" srcset=\"https:\/\/www.future-balloons.eu\/pt\/wp-content\/uploads\/sites\/4\/2016\/05\/Block_DESI_pt.png 275w, https:\/\/www.future-balloons.eu\/pt\/wp-content\/uploads\/sites\/4\/2016\/05\/Block_DESI_pt-150x150.png 150w, https:\/\/www.future-balloons.eu\/pt\/wp-content\/uploads\/sites\/4\/2016\/05\/Block_DESI_pt-250x250.png 250w, https:\/\/www.future-balloons.eu\/pt\/wp-content\/uploads\/sites\/4\/2016\/05\/Block_DESI_pt-200x200.png 200w, https:\/\/www.future-balloons.eu\/pt\/wp-content\/uploads\/sites\/4\/2016\/05\/Block_DESI_pt-174x174.png 174w\" sizes=\"auto, (max-width: 275px) 100vw, 275px\" \/>\n\t\t\t\t\n\t\t\t\t\t\t\t\t\t<\/a>\n\t\t\t\t\t\t\t<\/div>\n\t\t\t\t\t\t<div class=\"sow-masonry-grid-item\" data-col-span=\"1\"\n\t\t\t     data-row-span=\"1\">\n\t\t\t\t\t\t\t\t\t<a href=\"https:\/\/www.future-balloons.eu\/pt\/servicos\/formacao-intensiva\/\"\n\t\t\t\t\t>\n\t\t\t\t\n\t\t\t\t\n\t\t\t\t<img loading=\"lazy\" decoding=\"async\" width=\"275\" height=\"275\" src=\"https:\/\/www.future-balloons.eu\/pt\/wp-content\/uploads\/sites\/4\/2016\/05\/Block_IT_pt.png\" class=\"sow-masonry-grid-image\" alt=\"\" title=\"Forma\u00e7\u00e3o Intensiva\" srcset=\"https:\/\/www.future-balloons.eu\/pt\/wp-content\/uploads\/sites\/4\/2016\/05\/Block_IT_pt.png 275w, https:\/\/www.future-balloons.eu\/pt\/wp-content\/uploads\/sites\/4\/2016\/05\/Block_IT_pt-150x150.png 150w, https:\/\/www.future-balloons.eu\/pt\/wp-content\/uploads\/sites\/4\/2016\/05\/Block_IT_pt-250x250.png 250w, https:\/\/www.future-balloons.eu\/pt\/wp-content\/uploads\/sites\/4\/2016\/05\/Block_IT_pt-200x200.png 200w, https:\/\/www.future-balloons.eu\/pt\/wp-content\/uploads\/sites\/4\/2016\/05\/Block_IT_pt-174x174.png 174w\" sizes=\"auto, (max-width: 275px) 100vw, 275px\" \/>\n\t\t\t\t\n\t\t\t\t\t\t\t\t\t<\/a>\n\t\t\t\t\t\t\t<\/div>\n\t\t\t\t\t\t<div class=\"sow-masonry-grid-item\" data-col-span=\"1\"\n\t\t\t     data-row-span=\"1\">\n\t\t\t\t\t\t\t\t\t<a href=\"https:\/\/www.future-balloons.eu\/pt\/servicos\/consultoria-de-projetos-e-candidaturas\/\"\n\t\t\t\t\t>\n\t\t\t\t\n\t\t\t\t\n\t\t\t\t<img loading=\"lazy\" decoding=\"async\" width=\"275\" height=\"275\" src=\"https:\/\/www.future-balloons.eu\/pt\/wp-content\/uploads\/sites\/4\/2016\/05\/Block_PCF_pt.png\" class=\"sow-masonry-grid-image\" alt=\"\" title=\"Consultoria de Projetos e Candidaturas\" srcset=\"https:\/\/www.future-balloons.eu\/pt\/wp-content\/uploads\/sites\/4\/2016\/05\/Block_PCF_pt.png 275w, https:\/\/www.future-balloons.eu\/pt\/wp-content\/uploads\/sites\/4\/2016\/05\/Block_PCF_pt-150x150.png 150w, https:\/\/www.future-balloons.eu\/pt\/wp-content\/uploads\/sites\/4\/2016\/05\/Block_PCF_pt-250x250.png 250w, https:\/\/www.future-balloons.eu\/pt\/wp-content\/uploads\/sites\/4\/2016\/05\/Block_PCF_pt-200x200.png 200w, https:\/\/www.future-balloons.eu\/pt\/wp-content\/uploads\/sites\/4\/2016\/05\/Block_PCF_pt-174x174.png 174w\" sizes=\"auto, (max-width: 275px) 100vw, 275px\" \/>\n\t\t\t\t\n\t\t\t\t\t\t\t\t\t<\/a>\n\t\t\t\t\t\t\t<\/div>\n\t\t\t\n<\/div>\n<\/div><\/div><\/div><\/div><\/div>","protected":false},"excerpt":{"rendered":"","protected":false},"author":1,"featured_media":0,"parent":0,"menu_order":0,"comment_status":"closed","ping_status":"closed","template":"template-fullwidth.php","meta":{"inline_featured_image":false,"_monsterinsights_skip_tracking":false,"_monsterinsights_sitenote_active":false,"_monsterinsights_sitenote_note":"","_monsterinsights_sitenote_category":0,"footnotes":""},"class_list":["post-31","page","type-page","status-publish","hentry"],"_links":{"self":[{"href":"https:\/\/www.future-balloons.eu\/pt\/wp-json\/wp\/v2\/pages\/31","targetHints":{"allow":["GET"]}}],"collection":[{"href":"https:\/\/www.future-balloons.eu\/pt\/wp-json\/wp\/v2\/pages"}],"about":[{"href":"https:\/\/www.future-balloons.eu\/pt\/wp-json\/wp\/v2\/types\/page"}],"author":[{"embeddable":true,"href":"https:\/\/www.future-balloons.eu\/pt\/wp-json\/wp\/v2\/users\/1"}],"replies":[{"embeddable":true,"href":"https:\/\/www.future-balloons.eu\/pt\/wp-json\/wp\/v2\/comments?post=31"}],"version-history":[{"count":53,"href":"https:\/\/www.future-balloons.eu\/pt\/wp-json\/wp\/v2\/pages\/31\/revisions"}],"predecessor-version":[{"id":570,"href":"https:\/\/www.future-balloons.eu\/pt\/wp-json\/wp\/v2\/pages\/31\/revisions\/570"}],"wp:attachment":[{"href":"https:\/\/www.future-balloons.eu\/pt\/wp-json\/wp\/v2\/media?parent=31"}],"curies":[{"name":"wp","href":"https:\/\/api.w.org\/{rel}","templated":true}]}}