{"id":17,"date":"2016-05-27T12:45:28","date_gmt":"2016-05-27T12:45:28","guid":{"rendered":"http:\/\/localserver\/pt\/?page_id=17"},"modified":"2019-05-08T10:45:33","modified_gmt":"2019-05-08T10:45:33","slug":"parceiros","status":"publish","type":"page","link":"https:\/\/www.future-balloons.eu\/pt\/parceiros\/","title":{"rendered":"Parceiros"},"content":{"rendered":"<div id=\"pl-17\"  class=\"panel-layout\" ><div id=\"pg-17-0\"  class=\"panel-grid panel-no-style\" ><div id=\"pgc-17-0-0\"  class=\"panel-grid-cell\" ><div id=\"panel-17-0-0-0\" class=\"so-panel widget widget_sow-editor panel-first-child panel-last-child\" data-index=\"0\" ><div\n\t\t\t\n\t\t\tclass=\"so-widget-sow-editor so-widget-sow-editor-base\"\n\t\t\t\n\t\t>\n<div class=\"siteorigin-widget-tinymce textwidget\">\n\t<p>Trabalhamos com universidades, empresas e ONGs em diferentes pa\u00edses da Europa. Entre parceiros e clientes encontram-se:<\/p>\n<p>- <a href=\"http:\/\/www.utad.pt\/\" target=\"_blank\" rel=\"noopener\">Universidade de Tr\u00e1s-os-Montes e Alto-Douro<\/a><br \/>\n- <a href=\"http:\/\/www.dorfeu.pt\/\" target=\"_blank\" rel=\"noopener\">d'Orfeu \u2013 Associa\u00e7\u00e3o Cultural<\/a><br \/>\n- <a href=\"http:\/\/kinakonsult.se\" target=\"_blank\" rel=\"noopener\">KinaKonsult<\/a> (Sweeden)<br \/>\n- <a href=\"http:\/\/aidglobal.org\/\" target=\"_blank\" rel=\"noopener\">AidGlobal \u2013 A\u00e7\u00e3o e Integra\u00e7\u00e3o para o Desenvolvimento Global<\/a><br \/>\n- <a href=\"https:\/\/www.ipbeja.pt\/\" target=\"_blank\" rel=\"noopener\">Instituto Polit\u00e9cnico de Beja<\/a><br \/>\n- <a href=\"http:\/\/www.acp.at\/\" target=\"_blank\" rel=\"noopener\">ACP, IT solutions<\/a> (Austria)<br \/>\n- <a href=\"http:\/\/www.fazeravancar.org\/\" target=\"_blank\" rel=\"noopener\">Associa\u00e7\u00e3o Fazer Avan\u00e7ar<\/a><br \/>\n- <a href=\"http:\/\/www.uhlberg-advisory.info\/\" target=\"_blank\" rel=\"noopener\">Uhlberg Advisory<\/a> (Germany)<br \/>\n- <a href=\"https:\/\/www.facebook.com\/AssociacaoMusicaEsperancaPortugal\/\" target=\"_blank\" rel=\"noopener\">Associa\u00e7\u00e3o M\u00fasica Esperan\u00e7a<\/a><\/p>\n<\/div>\n<\/div><\/div><\/div><\/div><\/div>","protected":false},"excerpt":{"rendered":"<p>Trabalhamos com universidades, empresas e ONGs em diferentes pa\u00edses da Europa. Entre parceiros e clientes encontram-se: &#8211; Universidade de Tr\u00e1s-os-Montes e Alto-Douro &#8211; d&#8217;Orfeu \u2013 Associa\u00e7\u00e3o Cultural &#8211; KinaKonsult (Sweeden) &#8211; AidGlobal \u2013 A\u00e7\u00e3o e Integra\u00e7\u00e3o para o Desenvolvimento Global &#8211; Instituto Polit\u00e9cnico de Beja &#8211; ACP, IT solutions (Austria) &#8211; Associa\u00e7\u00e3o Fazer Avan\u00e7ar &#8211;<a href=\"https:\/\/www.future-balloons.eu\/pt\/parceiros\/\">[&#8230;]<\/a><\/p>\n","protected":false},"author":1,"featured_media":0,"parent":0,"menu_order":0,"comment_status":"closed","ping_status":"closed","template":"template-fullwidth.php","meta":{"inline_featured_image":false,"_monsterinsights_skip_tracking":false,"_monsterinsights_sitenote_active":false,"_monsterinsights_sitenote_note":"","_monsterinsights_sitenote_category":0,"footnotes":""},"class_list":["post-17","page","type-page","status-publish","hentry"],"_links":{"self":[{"href":"https:\/\/www.future-balloons.eu\/pt\/wp-json\/wp\/v2\/pages\/17","targetHints":{"allow":["GET"]}}],"collection":[{"href":"https:\/\/www.future-balloons.eu\/pt\/wp-json\/wp\/v2\/pages"}],"about":[{"href":"https:\/\/www.future-balloons.eu\/pt\/wp-json\/wp\/v2\/types\/page"}],"author":[{"embeddable":true,"href":"https:\/\/www.future-balloons.eu\/pt\/wp-json\/wp\/v2\/users\/1"}],"replies":[{"embeddable":true,"href":"https:\/\/www.future-balloons.eu\/pt\/wp-json\/wp\/v2\/comments?post=17"}],"version-history":[{"count":7,"href":"https:\/\/www.future-balloons.eu\/pt\/wp-json\/wp\/v2\/pages\/17\/revisions"}],"predecessor-version":[{"id":933,"href":"https:\/\/www.future-balloons.eu\/pt\/wp-json\/wp\/v2\/pages\/17\/revisions\/933"}],"wp:attachment":[{"href":"https:\/\/www.future-balloons.eu\/pt\/wp-json\/wp\/v2\/media?parent=17"}],"curies":[{"name":"wp","href":"https:\/\/api.w.org\/{rel}","templated":true}]}}